{"id":88893,"date":"2022-01-17T17:29:47","date_gmt":"2022-01-17T16:29:47","guid":{"rendered":"https:\/\/machinespioro.com\/verarbeitungslinien\/"},"modified":"2022-01-17T17:29:52","modified_gmt":"2022-01-17T16:29:52","slug":"verarbeitungslinien","status":"publish","type":"page","link":"https:\/\/machinespioro.com\/de\/verarbeitungslinien\/","title":{"rendered":"Verarbeitungslinien"},"content":{"rendered":"\t\t<div data-elementor-type=\"wp-page\" data-elementor-id=\"88893\" class=\"elementor elementor-88893 elementor-6162\" data-elementor-post-type=\"page\">\n\t\t\t\t\t\t<section class=\"elementor-section elementor-top-section elementor-element elementor-element-919b34a elementor-section-full_width elementor-section-height-default elementor-section-height-default\" data-id=\"919b34a\" data-element_type=\"section\" data-e-type=\"section\">\n\t\t\t\t\t\t<div class=\"elementor-container elementor-column-gap-wider\">\n\t\t\t\t\t<div class=\"elementor-column elementor-col-100 elementor-top-column elementor-element elementor-element-e1efc79\" data-id=\"e1efc79\" data-element_type=\"column\" data-e-type=\"column\">\n\t\t\t<div class=\"elementor-widget-wrap elementor-element-populated\">\n\t\t\t\t\t\t<div class=\"elementor-element elementor-element-d60c8b4 preserve-img-ratio-cover elementor-widget elementor-widget-the7_elements\" data-id=\"d60c8b4\" data-element_type=\"widget\" data-e-type=\"widget\" data-widget_type=\"the7_elements.default\">\n\t\t\t\t<div class=\"elementor-widget-container\">\n\t\t\t\t\t<div class=\"portfolio-shortcode the7-elementor-widget the7_elements-d60c8b4 mode-grid dt-css-grid-wrap bottom-overlap-layout-list description-under-image quick-scale-img content-bg-on resize-by-browser-width widget-with-filter loading-effect-none enable-pagination-scroll jquery-filter\" data-padding=\"30px\" data-mobile-columns-num=\"1\" data-tablet-columns-num=\"2\" data-desktop-columns-num=\"2\" data-wide-desktop-columns-num=\"3\" data-post-limit=\"6\" data-pagination-mode=\"pages\" data-scroll-offset=\"-30\" aria-live=\"assertive\"><div class=\"iso-filter filter-decorations css-grid-filter extras-off filter filter-pointer-underline filter-animation-fade show-filter-categories  \"><div class=\"filter-categories\" data-default-order=\"\" data-default-orderby=\"\"><a href=\"https:\/\/machinespioro.com\/de\/verarbeitungslinien\/\" class=\"show-all filter-item act\" data-filter=\"*\" aria-label=\"Apply filter: All\">All<\/a><a href=\"https:\/\/machinespioro.com\/de\/verarbeitungslinien\/?term=peeling-linien\" class=\"filter-item peeling-linien\" data-filter=\".category-558\" aria-label=\"Apply filter: Peeling-Linien\">Peeling-Linien<\/a><a href=\"https:\/\/machinespioro.com\/de\/verarbeitungslinien\/?term=verarbeitungslinien\" class=\"filter-item verarbeitungslinien\" data-filter=\".category-486\" aria-label=\"Apply filter: Verarbeitungslinien\">Verarbeitungslinien<\/a><a href=\"https:\/\/machinespioro.com\/de\/verarbeitungslinien\/?term=verpackungslinien\" class=\"filter-item verpackungslinien\" data-filter=\".category-485\" aria-label=\"Apply filter: Verpackungslinien\">Verpackungslinien<\/a><a href=\"https:\/\/machinespioro.com\/de\/verarbeitungslinien\/?term=wascheleinen\" class=\"filter-item wascheleinen\" data-filter=\".category-484\" aria-label=\"Apply filter: W\u00e4scheleinen\">W\u00e4scheleinen<\/a><\/div><\/div><div class=\"dt-css-grid custom-pagination-handler\"><div class=\"visible wf-cell category-486 category-484\" data-post-id=\"96878\" data-date=\"2022-01-17T20:03:21+01:00\" data-name=\"Entladelinie\"><article class=\"post visible post-96878 dt_portfolio type-dt_portfolio status-publish has-post-thumbnail hentry dt_portfolio_category-verarbeitungslinien dt_portfolio_category-wascheleinen\" data-name=\"Entladelinie\" data-date=\"2022-01-17T20:03:21+01:00\">\n\n\t<div class=\"post-thumbnail-wrap\">\n\t\t<div class=\"post-thumbnail\">\n\n\t\t\t<a class=\"post-thumbnail-rollover layzr-bg img-css-resize-wrapper\" aria-label=\"Post image\" href=\"https:\/\/machinespioro.com\/de\/project\/entladelinie\/\"><img fetchpriority=\"high\" decoding=\"async\" width=\"804\" height=\"426\" src=\"data:image\/svg+xml,%3Csvg%20xmlns%3D&#039;http%3A%2F%2Fwww.w3.org%2F2000%2Fsvg&#039;%20viewBox%3D&#039;0%200%20804%20426&#039;%2F%3E\" class=\"attachment-full size-full preload-me aspect lazy lazy-load\" alt=\"\" sizes=\"(max-width: 804px) 100vw, 804px\" style=\"--ratio: 804 \/ 426;\" data-src=\"https:\/\/machinespioro.com\/wp-content\/uploads\/2022\/01\/Linia-zlatko.jpg\" loading=\"eager\" data-srcset=\"https:\/\/machinespioro.com\/wp-content\/uploads\/2022\/01\/Linia-zlatko.jpg 804w, https:\/\/machinespioro.com\/wp-content\/uploads\/2022\/01\/Linia-zlatko-300x159.jpg 300w, https:\/\/machinespioro.com\/wp-content\/uploads\/2022\/01\/Linia-zlatko-768x407.jpg 768w\" \/><\/a>\n\t\t<\/div>\n\t<\/div>\n\n\n<div class=\"post-entry-content\">\n\n\t<h3 class=\"ele-entry-title\"><a href=\"https:\/\/machinespioro.com\/de\/project\/entladelinie\/\" rel=\"bookmark\" title=\"Entladelinie\">Entladelinie<\/a><\/h3><div class=\"entry-meta\"><span class=\"meta-item category-link\"><span>Verarbeitungslinien<\/span>, <span>W\u00e4scheleinen<\/span><\/span><\/div>\n<\/div><\/article><\/div><div class=\"visible wf-cell category-558 category-486 category-484\" data-post-id=\"96467\" data-date=\"2022-01-17T19:50:59+01:00\" data-name=\"Wasch- und Sch\u00e4llinie\"><article class=\"post visible post-96467 dt_portfolio type-dt_portfolio status-publish has-post-thumbnail hentry dt_portfolio_category-peeling-linien dt_portfolio_category-verarbeitungslinien dt_portfolio_category-wascheleinen\" data-name=\"Wasch- und Sch\u00e4llinie\" data-date=\"2022-01-17T19:50:59+01:00\">\n\n\t<div class=\"post-thumbnail-wrap\">\n\t\t<div class=\"post-thumbnail\">\n\n\t\t\t<a class=\"post-thumbnail-rollover layzr-bg img-css-resize-wrapper\" aria-label=\"Post image\" href=\"https:\/\/machinespioro.com\/de\/project\/wasch-und-schaellinie\/\"><img decoding=\"async\" width=\"850\" height=\"424\" src=\"data:image\/svg+xml,%3Csvg%20xmlns%3D&#039;http%3A%2F%2Fwww.w3.org%2F2000%2Fsvg&#039;%20viewBox%3D&#039;0%200%20850%20424&#039;%2F%3E\" class=\"attachment-full size-full preload-me aspect lazy lazy-load\" alt=\"\" sizes=\"(max-width: 850px) 100vw, 850px\" style=\"--ratio: 850 \/ 424;\" data-src=\"https:\/\/machinespioro.com\/wp-content\/uploads\/2022\/01\/Linia-do-obieraania-Marian.jpg\" loading=\"eager\" data-srcset=\"https:\/\/machinespioro.com\/wp-content\/uploads\/2022\/01\/Linia-do-obieraania-Marian.jpg 850w, https:\/\/machinespioro.com\/wp-content\/uploads\/2022\/01\/Linia-do-obieraania-Marian-300x150.jpg 300w, https:\/\/machinespioro.com\/wp-content\/uploads\/2022\/01\/Linia-do-obieraania-Marian-768x383.jpg 768w\" \/><\/a>\n\t\t<\/div>\n\t<\/div>\n\n\n<div class=\"post-entry-content\">\n\n\t<h3 class=\"ele-entry-title\"><a href=\"https:\/\/machinespioro.com\/de\/project\/wasch-und-schaellinie\/\" rel=\"bookmark\" title=\"Wasch- und Sch\u00e4llinie\">Wasch- und Sch\u00e4llinie<\/a><\/h3><div class=\"entry-meta\"><span class=\"meta-item category-link\"><span>Peeling-Linien<\/span>, <span>Verarbeitungslinien<\/span>, <span>W\u00e4scheleinen<\/span><\/span><\/div>\n<\/div><\/article><\/div><div class=\"visible wf-cell category-486 category-484\" data-post-id=\"89864\" data-date=\"2022-01-17T17:54:04+01:00\" data-name=\"Universelle Linie\"><article class=\"post visible post-89864 dt_portfolio type-dt_portfolio status-publish has-post-thumbnail hentry dt_portfolio_category-verarbeitungslinien dt_portfolio_category-wascheleinen\" data-name=\"Universelle Linie\" data-date=\"2022-01-17T17:54:04+01:00\">\n\n\t<div class=\"post-thumbnail-wrap\">\n\t\t<div class=\"post-thumbnail\">\n\n\t\t\t<a class=\"post-thumbnail-rollover layzr-bg img-css-resize-wrapper\" aria-label=\"Post image\" href=\"https:\/\/machinespioro.com\/de\/project\/universelle-linie\/\"><img decoding=\"async\" width=\"823\" height=\"424\" src=\"data:image\/svg+xml,%3Csvg%20xmlns%3D&#039;http%3A%2F%2Fwww.w3.org%2F2000%2Fsvg&#039;%20viewBox%3D&#039;0%200%20823%20424&#039;%2F%3E\" class=\"attachment-full size-full preload-me aspect lazy lazy-load\" alt=\"\" sizes=\"(max-width: 823px) 100vw, 823px\" style=\"--ratio: 823 \/ 424;\" data-src=\"https:\/\/machinespioro.com\/wp-content\/uploads\/2022\/01\/Linia-Samuel-1.jpg\" loading=\"eager\" data-srcset=\"https:\/\/machinespioro.com\/wp-content\/uploads\/2022\/01\/Linia-Samuel-1.jpg 823w, https:\/\/machinespioro.com\/wp-content\/uploads\/2022\/01\/Linia-Samuel-1-300x155.jpg 300w, https:\/\/machinespioro.com\/wp-content\/uploads\/2022\/01\/Linia-Samuel-1-768x396.jpg 768w\" \/><\/a>\n\t\t<\/div>\n\t<\/div>\n\n\n<div class=\"post-entry-content\">\n\n\t<h3 class=\"ele-entry-title\"><a href=\"https:\/\/machinespioro.com\/de\/project\/universelle-linie\/\" rel=\"bookmark\" title=\"Universelle Linie\">Universelle Linie<\/a><\/h3><div class=\"entry-meta\"><span class=\"meta-item category-link\"><span>Verarbeitungslinien<\/span>, <span>W\u00e4scheleinen<\/span><\/span><\/div>\n<\/div><\/article><\/div><div class=\"visible wf-cell category-486 category-485 category-484\" data-post-id=\"89819\" data-date=\"2022-01-17T17:53:12+01:00\" data-name=\"Wasch- und Verpackungslinie\"><article class=\"post visible post-89819 dt_portfolio type-dt_portfolio status-publish has-post-thumbnail hentry dt_portfolio_category-verarbeitungslinien dt_portfolio_category-verpackungslinien dt_portfolio_category-wascheleinen\" data-name=\"Wasch- und Verpackungslinie\" data-date=\"2022-01-17T17:53:12+01:00\">\n\n\t<div class=\"post-thumbnail-wrap\">\n\t\t<div class=\"post-thumbnail\">\n\n\t\t\t<a class=\"post-thumbnail-rollover layzr-bg img-css-resize-wrapper\" aria-label=\"Post image\" href=\"https:\/\/machinespioro.com\/de\/project\/wasch-und-verpackungslinie\/\"><img decoding=\"async\" width=\"858\" height=\"424\" src=\"data:image\/svg+xml,%3Csvg%20xmlns%3D&#039;http%3A%2F%2Fwww.w3.org%2F2000%2Fsvg&#039;%20viewBox%3D&#039;0%200%20858%20424&#039;%2F%3E\" class=\"attachment-full size-full preload-me aspect lazy lazy-load\" alt=\"\" sizes=\"(max-width: 858px) 100vw, 858px\" style=\"--ratio: 858 \/ 424;\" data-src=\"https:\/\/machinespioro.com\/wp-content\/uploads\/2022\/01\/Linia-zetpol.jpg\" loading=\"eager\" data-srcset=\"https:\/\/machinespioro.com\/wp-content\/uploads\/2022\/01\/Linia-zetpol.jpg 858w, https:\/\/machinespioro.com\/wp-content\/uploads\/2022\/01\/Linia-zetpol-300x148.jpg 300w, https:\/\/machinespioro.com\/wp-content\/uploads\/2022\/01\/Linia-zetpol-768x380.jpg 768w\" \/><\/a>\n\t\t<\/div>\n\t<\/div>\n\n\n<div class=\"post-entry-content\">\n\n\t<h3 class=\"ele-entry-title\"><a href=\"https:\/\/machinespioro.com\/de\/project\/wasch-und-verpackungslinie\/\" rel=\"bookmark\" title=\"Wasch- und Verpackungslinie\">Wasch- und Verpackungslinie<\/a><\/h3><div class=\"entry-meta\"><span class=\"meta-item category-link\"><span>Verarbeitungslinien<\/span>, <span>Verpackungslinien<\/span>, <span>W\u00e4scheleinen<\/span><\/span><\/div>\n<\/div><\/article><\/div><\/div><!-- iso-container|iso-grid --><div class=\"paginator filter-decorations filter-pointer-underline filter-animation-grow\" role=\"navigation\"><\/div><\/div>\t\t\t\t<\/div>\n\t\t\t\t<\/div>\n\t\t\t\t\t<\/div>\n\t\t<\/div>\n\t\t\t\t\t<\/div>\n\t\t<\/section>\n\t\t\t\t<\/div>\n\t\t","protected":false},"excerpt":{"rendered":"<p>Linia uniwersalna &#8211; Duplicate &#8211; [#49935] &#8211; Duplicate &#8211; [#50410] Linie przetw\u00f3rcze, Roz\u0142adunek Linia uniwersalna &#8211; Duplicate &#8211; [#49935] Linie przetw\u00f3rcze Linia uniwersalna Linie przetw\u00f3rcze<\/p>\n","protected":false},"author":1,"featured_media":0,"parent":0,"menu_order":20,"comment_status":"closed","ping_status":"closed","template":"elementor_header_footer","meta":{"footnotes":""},"class_list":["post-88893","page","type-page","status-publish","hentry"],"yoast_head":"<!-- This site is optimized with the Yoast SEO plugin v27.4 - https:\/\/yoast.com\/product\/yoast-seo-wordpress\/ -->\n<title>Verarbeitungslinien - MACHINES PI&Oacute;RO<\/title>\n<meta name=\"robots\" content=\"index, follow, max-snippet:-1, max-image-preview:large, max-video-preview:-1\" \/>\n<link rel=\"canonical\" href=\"https:\/\/machinespioro.com\/de\/verarbeitungslinien\/\" \/>\n<meta property=\"og:locale\" content=\"de_DE\" \/>\n<meta property=\"og:type\" content=\"article\" \/>\n<meta property=\"og:title\" content=\"Verarbeitungslinien - MACHINES PI&Oacute;RO\" \/>\n<meta property=\"og:description\" content=\"Linia uniwersalna &#8211; Duplicate &#8211; [#49935] &#8211; Duplicate &#8211; [#50410] Linie przetw\u00f3rcze, Roz\u0142adunek Linia uniwersalna &#8211; Duplicate &#8211; [#49935] Linie przetw\u00f3rcze Linia uniwersalna Linie przetw\u00f3rcze\" \/>\n<meta property=\"og:url\" content=\"https:\/\/machinespioro.com\/de\/verarbeitungslinien\/\" \/>\n<meta property=\"og:site_name\" content=\"MACHINES PI&Oacute;RO\" \/>\n<meta property=\"article:publisher\" content=\"https:\/\/www.facebook.com\/machinespioro\" \/>\n<meta property=\"article:modified_time\" content=\"2022-01-17T16:29:52+00:00\" \/>\n<meta name=\"twitter:card\" content=\"summary_large_image\" \/>\n<script type=\"application\/ld+json\" class=\"yoast-schema-graph\">{\"@context\":\"https:\\\/\\\/schema.org\",\"@graph\":[{\"@type\":\"WebPage\",\"@id\":\"https:\\\/\\\/machinespioro.com\\\/de\\\/verarbeitungslinien\\\/\",\"url\":\"https:\\\/\\\/machinespioro.com\\\/de\\\/verarbeitungslinien\\\/\",\"name\":\"Verarbeitungslinien - MACHINES PI&Oacute;RO\",\"isPartOf\":{\"@id\":\"https:\\\/\\\/machinespioro.com\\\/#website\"},\"datePublished\":\"2022-01-17T16:29:47+00:00\",\"dateModified\":\"2022-01-17T16:29:52+00:00\",\"breadcrumb\":{\"@id\":\"https:\\\/\\\/machinespioro.com\\\/de\\\/verarbeitungslinien\\\/#breadcrumb\"},\"inLanguage\":\"de\",\"potentialAction\":[{\"@type\":\"ReadAction\",\"target\":[\"https:\\\/\\\/machinespioro.com\\\/de\\\/verarbeitungslinien\\\/\"]}]},{\"@type\":\"BreadcrumbList\",\"@id\":\"https:\\\/\\\/machinespioro.com\\\/de\\\/verarbeitungslinien\\\/#breadcrumb\",\"itemListElement\":[{\"@type\":\"ListItem\",\"position\":1,\"name\":\"Strona g\u0142\u00f3wna\",\"item\":\"https:\\\/\\\/machinespioro.com\\\/de\\\/\"},{\"@type\":\"ListItem\",\"position\":2,\"name\":\"Verarbeitungslinien\"}]},{\"@type\":\"WebSite\",\"@id\":\"https:\\\/\\\/machinespioro.com\\\/#website\",\"url\":\"https:\\\/\\\/machinespioro.com\\\/\",\"name\":\"MACHINES PI&Oacute;RO\",\"description\":\"Producent maszyn dla rolnictwa i przetw&oacute;rstw warzywniczych\",\"publisher\":{\"@id\":\"https:\\\/\\\/machinespioro.com\\\/#organization\"},\"potentialAction\":[{\"@type\":\"SearchAction\",\"target\":{\"@type\":\"EntryPoint\",\"urlTemplate\":\"https:\\\/\\\/machinespioro.com\\\/?s={search_term_string}\"},\"query-input\":{\"@type\":\"PropertyValueSpecification\",\"valueRequired\":true,\"valueName\":\"search_term_string\"}}],\"inLanguage\":\"de\"},{\"@type\":\"Organization\",\"@id\":\"https:\\\/\\\/machinespioro.com\\\/#organization\",\"name\":\"Machines Pi\u00f3ro\",\"url\":\"https:\\\/\\\/machinespioro.com\\\/\",\"logo\":{\"@type\":\"ImageObject\",\"inLanguage\":\"de\",\"@id\":\"https:\\\/\\\/machinespioro.com\\\/#\\\/schema\\\/logo\\\/image\\\/\",\"url\":\"https:\\\/\\\/machinespioro.com\\\/wp-content\\\/uploads\\\/2022\\\/01\\\/logo.png\",\"contentUrl\":\"https:\\\/\\\/machinespioro.com\\\/wp-content\\\/uploads\\\/2022\\\/01\\\/logo.png\",\"width\":155,\"height\":57,\"caption\":\"Machines Pi\u00f3ro\"},\"image\":{\"@id\":\"https:\\\/\\\/machinespioro.com\\\/#\\\/schema\\\/logo\\\/image\\\/\"},\"sameAs\":[\"https:\\\/\\\/www.facebook.com\\\/machinespioro\",\"https:\\\/\\\/www.instagram.com\\\/machinespioro\\\/\",\"https:\\\/\\\/www.youtube.com\\\/c\\\/PI\u00d3ROMACHINESProducentmaszynrolniczych\u017b\u0119bocin\"]}]}<\/script>\n<!-- \/ Yoast SEO plugin. -->","yoast_head_json":{"title":"Verarbeitungslinien - MACHINES PI&Oacute;RO","robots":{"index":"index","follow":"follow","max-snippet":"max-snippet:-1","max-image-preview":"max-image-preview:large","max-video-preview":"max-video-preview:-1"},"canonical":"https:\/\/machinespioro.com\/de\/verarbeitungslinien\/","og_locale":"de_DE","og_type":"article","og_title":"Verarbeitungslinien - MACHINES PI&Oacute;RO","og_description":"Linia uniwersalna &#8211; Duplicate &#8211; [#49935] &#8211; Duplicate &#8211; [#50410] Linie przetw\u00f3rcze, Roz\u0142adunek Linia uniwersalna &#8211; Duplicate &#8211; [#49935] Linie przetw\u00f3rcze Linia uniwersalna Linie przetw\u00f3rcze","og_url":"https:\/\/machinespioro.com\/de\/verarbeitungslinien\/","og_site_name":"MACHINES PI&Oacute;RO","article_publisher":"https:\/\/www.facebook.com\/machinespioro","article_modified_time":"2022-01-17T16:29:52+00:00","twitter_card":"summary_large_image","schema":{"@context":"https:\/\/schema.org","@graph":[{"@type":"WebPage","@id":"https:\/\/machinespioro.com\/de\/verarbeitungslinien\/","url":"https:\/\/machinespioro.com\/de\/verarbeitungslinien\/","name":"Verarbeitungslinien - MACHINES PI&Oacute;RO","isPartOf":{"@id":"https:\/\/machinespioro.com\/#website"},"datePublished":"2022-01-17T16:29:47+00:00","dateModified":"2022-01-17T16:29:52+00:00","breadcrumb":{"@id":"https:\/\/machinespioro.com\/de\/verarbeitungslinien\/#breadcrumb"},"inLanguage":"de","potentialAction":[{"@type":"ReadAction","target":["https:\/\/machinespioro.com\/de\/verarbeitungslinien\/"]}]},{"@type":"BreadcrumbList","@id":"https:\/\/machinespioro.com\/de\/verarbeitungslinien\/#breadcrumb","itemListElement":[{"@type":"ListItem","position":1,"name":"Strona g\u0142\u00f3wna","item":"https:\/\/machinespioro.com\/de\/"},{"@type":"ListItem","position":2,"name":"Verarbeitungslinien"}]},{"@type":"WebSite","@id":"https:\/\/machinespioro.com\/#website","url":"https:\/\/machinespioro.com\/","name":"MACHINES PI&Oacute;RO","description":"Producent maszyn dla rolnictwa i przetw&oacute;rstw warzywniczych","publisher":{"@id":"https:\/\/machinespioro.com\/#organization"},"potentialAction":[{"@type":"SearchAction","target":{"@type":"EntryPoint","urlTemplate":"https:\/\/machinespioro.com\/?s={search_term_string}"},"query-input":{"@type":"PropertyValueSpecification","valueRequired":true,"valueName":"search_term_string"}}],"inLanguage":"de"},{"@type":"Organization","@id":"https:\/\/machinespioro.com\/#organization","name":"Machines Pi\u00f3ro","url":"https:\/\/machinespioro.com\/","logo":{"@type":"ImageObject","inLanguage":"de","@id":"https:\/\/machinespioro.com\/#\/schema\/logo\/image\/","url":"https:\/\/machinespioro.com\/wp-content\/uploads\/2022\/01\/logo.png","contentUrl":"https:\/\/machinespioro.com\/wp-content\/uploads\/2022\/01\/logo.png","width":155,"height":57,"caption":"Machines Pi\u00f3ro"},"image":{"@id":"https:\/\/machinespioro.com\/#\/schema\/logo\/image\/"},"sameAs":["https:\/\/www.facebook.com\/machinespioro","https:\/\/www.instagram.com\/machinespioro\/","https:\/\/www.youtube.com\/c\/PI\u00d3ROMACHINESProducentmaszynrolniczych\u017b\u0119bocin"]}]}},"_links":{"self":[{"href":"https:\/\/machinespioro.com\/de\/wp-json\/wp\/v2\/pages\/88893","targetHints":{"allow":["GET"]}}],"collection":[{"href":"https:\/\/machinespioro.com\/de\/wp-json\/wp\/v2\/pages"}],"about":[{"href":"https:\/\/machinespioro.com\/de\/wp-json\/wp\/v2\/types\/page"}],"author":[{"embeddable":true,"href":"https:\/\/machinespioro.com\/de\/wp-json\/wp\/v2\/users\/1"}],"replies":[{"embeddable":true,"href":"https:\/\/machinespioro.com\/de\/wp-json\/wp\/v2\/comments?post=88893"}],"version-history":[{"count":1,"href":"https:\/\/machinespioro.com\/de\/wp-json\/wp\/v2\/pages\/88893\/revisions"}],"predecessor-version":[{"id":88902,"href":"https:\/\/machinespioro.com\/de\/wp-json\/wp\/v2\/pages\/88893\/revisions\/88902"}],"wp:attachment":[{"href":"https:\/\/machinespioro.com\/de\/wp-json\/wp\/v2\/media?parent=88893"}],"curies":[{"name":"wp","href":"https:\/\/api.w.org\/{rel}","templated":true}]}}