{"id":88904,"date":"2022-01-17T17:29:53","date_gmt":"2022-01-17T16:29:53","guid":{"rendered":"https:\/\/machinespioro.com\/nachrichten\/"},"modified":"2022-01-17T17:29:58","modified_gmt":"2022-01-17T16:29:58","slug":"nachrichten","status":"publish","type":"page","link":"https:\/\/machinespioro.com\/de\/nachrichten\/","title":{"rendered":"Nachrichten"},"content":{"rendered":"\t\t<div data-elementor-type=\"wp-page\" data-elementor-id=\"88904\" class=\"elementor elementor-88904 elementor-5949\" data-elementor-post-type=\"page\">\n\t\t\t\t\t\t<section class=\"elementor-section elementor-top-section elementor-element elementor-element-b74492d elementor-section-boxed elementor-section-height-default elementor-section-height-default\" data-id=\"b74492d\" data-element_type=\"section\" data-e-type=\"section\">\n\t\t\t\t\t\t<div class=\"elementor-container elementor-column-gap-default\">\n\t\t\t\t\t<div class=\"elementor-column elementor-col-100 elementor-top-column elementor-element elementor-element-76924c6\" data-id=\"76924c6\" data-element_type=\"column\" data-e-type=\"column\">\n\t\t\t<div class=\"elementor-widget-wrap elementor-element-populated\">\n\t\t\t\t\t\t\t<\/div>\n\t\t<\/div>\n\t\t\t\t\t<\/div>\n\t\t<\/section>\n\t\t\t\t<section class=\"elementor-section elementor-top-section elementor-element elementor-element-63ffa1f elementor-section-boxed elementor-section-height-default elementor-section-height-default\" data-id=\"63ffa1f\" data-element_type=\"section\" data-e-type=\"section\">\n\t\t\t\t\t\t<div class=\"elementor-container elementor-column-gap-wider\">\n\t\t\t\t\t<div class=\"elementor-column elementor-col-100 elementor-top-column elementor-element elementor-element-34e0fb6\" data-id=\"34e0fb6\" data-element_type=\"column\" data-e-type=\"column\">\n\t\t\t<div class=\"elementor-widget-wrap elementor-element-populated\">\n\t\t\t\t\t\t\t<\/div>\n\t\t<\/div>\n\t\t\t\t\t<\/div>\n\t\t<\/section>\n\t\t\t\t<\/div>\n\t\t","protected":false},"excerpt":{"rendered":"<p>AllOfertaWydarzenia Nape\u0142niacz do skrzyniopalet oraz work\u00f3w bigbag Oferta, Wydarzenia16\/01\/2022 Mi\u0142o nam poinformowa\u0107, \u017ce dla Pa\u0144stwa u\u017cytku oddajemy now\u0105 stron\u0119 internetow\u0105! Read post Zapraszamy na now\u0105 stron\u0119! Wydarzenia15\/01\/2022 Mi\u0142o nam poinformowa\u0107, \u017ce dla Pa\u0144stwa u\u017cytku oddajemy now\u0105 stron\u0119 internetow\u0105! Read post<\/p>\n","protected":false},"author":1,"featured_media":0,"parent":0,"menu_order":20,"comment_status":"closed","ping_status":"closed","template":"elementor_header_footer","meta":{"footnotes":""},"class_list":["post-88904","page","type-page","status-publish","hentry"],"yoast_head":"<!-- This site is optimized with the Yoast SEO plugin v27.5 - https:\/\/yoast.com\/product\/yoast-seo-wordpress\/ -->\n<title>Nachrichten - MACHINES PI&Oacute;RO<\/title>\n<meta name=\"robots\" content=\"index, follow, max-snippet:-1, max-image-preview:large, max-video-preview:-1\" \/>\n<link rel=\"canonical\" href=\"https:\/\/machinespioro.com\/de\/nachrichten\/\" \/>\n<meta property=\"og:locale\" content=\"de_DE\" \/>\n<meta property=\"og:type\" content=\"article\" \/>\n<meta property=\"og:title\" content=\"Nachrichten - MACHINES PI&Oacute;RO\" \/>\n<meta property=\"og:description\" content=\"AllOfertaWydarzenia Nape\u0142niacz do skrzyniopalet oraz work\u00f3w bigbag Oferta, Wydarzenia16\/01\/2022 Mi\u0142o nam poinformowa\u0107, \u017ce dla Pa\u0144stwa u\u017cytku oddajemy now\u0105 stron\u0119 internetow\u0105! Read post Zapraszamy na now\u0105 stron\u0119! Wydarzenia15\/01\/2022 Mi\u0142o nam poinformowa\u0107, \u017ce dla Pa\u0144stwa u\u017cytku oddajemy now\u0105 stron\u0119 internetow\u0105! Read post\" \/>\n<meta property=\"og:url\" content=\"https:\/\/machinespioro.com\/de\/nachrichten\/\" \/>\n<meta property=\"og:site_name\" content=\"MACHINES PI&Oacute;RO\" \/>\n<meta property=\"article:publisher\" content=\"https:\/\/www.facebook.com\/machinespioro\" \/>\n<meta property=\"article:modified_time\" content=\"2022-01-17T16:29:58+00:00\" \/>\n<meta name=\"twitter:card\" content=\"summary_large_image\" \/>\n<script type=\"application\/ld+json\" class=\"yoast-schema-graph\">{\"@context\":\"https:\\\/\\\/schema.org\",\"@graph\":[{\"@type\":\"WebPage\",\"@id\":\"https:\\\/\\\/machinespioro.com\\\/de\\\/nachrichten\\\/\",\"url\":\"https:\\\/\\\/machinespioro.com\\\/de\\\/nachrichten\\\/\",\"name\":\"Nachrichten - MACHINES PI&Oacute;RO\",\"isPartOf\":{\"@id\":\"https:\\\/\\\/machinespioro.com\\\/#website\"},\"datePublished\":\"2022-01-17T16:29:53+00:00\",\"dateModified\":\"2022-01-17T16:29:58+00:00\",\"breadcrumb\":{\"@id\":\"https:\\\/\\\/machinespioro.com\\\/de\\\/nachrichten\\\/#breadcrumb\"},\"inLanguage\":\"de\",\"potentialAction\":[{\"@type\":\"ReadAction\",\"target\":[\"https:\\\/\\\/machinespioro.com\\\/de\\\/nachrichten\\\/\"]}]},{\"@type\":\"BreadcrumbList\",\"@id\":\"https:\\\/\\\/machinespioro.com\\\/de\\\/nachrichten\\\/#breadcrumb\",\"itemListElement\":[{\"@type\":\"ListItem\",\"position\":1,\"name\":\"Strona g\u0142\u00f3wna\",\"item\":\"https:\\\/\\\/machinespioro.com\\\/de\\\/\"},{\"@type\":\"ListItem\",\"position\":2,\"name\":\"Nachrichten\"}]},{\"@type\":\"WebSite\",\"@id\":\"https:\\\/\\\/machinespioro.com\\\/#website\",\"url\":\"https:\\\/\\\/machinespioro.com\\\/\",\"name\":\"MACHINES PI&Oacute;RO\",\"description\":\"Producent maszyn dla rolnictwa i przetw&oacute;rstw warzywniczych\",\"publisher\":{\"@id\":\"https:\\\/\\\/machinespioro.com\\\/#organization\"},\"potentialAction\":[{\"@type\":\"SearchAction\",\"target\":{\"@type\":\"EntryPoint\",\"urlTemplate\":\"https:\\\/\\\/machinespioro.com\\\/?s={search_term_string}\"},\"query-input\":{\"@type\":\"PropertyValueSpecification\",\"valueRequired\":true,\"valueName\":\"search_term_string\"}}],\"inLanguage\":\"de\"},{\"@type\":\"Organization\",\"@id\":\"https:\\\/\\\/machinespioro.com\\\/#organization\",\"name\":\"Machines Pi\u00f3ro\",\"url\":\"https:\\\/\\\/machinespioro.com\\\/\",\"logo\":{\"@type\":\"ImageObject\",\"inLanguage\":\"de\",\"@id\":\"https:\\\/\\\/machinespioro.com\\\/#\\\/schema\\\/logo\\\/image\\\/\",\"url\":\"https:\\\/\\\/machinespioro.com\\\/wp-content\\\/uploads\\\/2022\\\/01\\\/logo.png\",\"contentUrl\":\"https:\\\/\\\/machinespioro.com\\\/wp-content\\\/uploads\\\/2022\\\/01\\\/logo.png\",\"width\":155,\"height\":57,\"caption\":\"Machines Pi\u00f3ro\"},\"image\":{\"@id\":\"https:\\\/\\\/machinespioro.com\\\/#\\\/schema\\\/logo\\\/image\\\/\"},\"sameAs\":[\"https:\\\/\\\/www.facebook.com\\\/machinespioro\",\"https:\\\/\\\/www.instagram.com\\\/machinespioro\\\/\",\"https:\\\/\\\/www.youtube.com\\\/c\\\/PI\u00d3ROMACHINESProducentmaszynrolniczych\u017b\u0119bocin\"]}]}<\/script>\n<!-- \/ Yoast SEO plugin. -->","yoast_head_json":{"title":"Nachrichten - MACHINES PI&Oacute;RO","robots":{"index":"index","follow":"follow","max-snippet":"max-snippet:-1","max-image-preview":"max-image-preview:large","max-video-preview":"max-video-preview:-1"},"canonical":"https:\/\/machinespioro.com\/de\/nachrichten\/","og_locale":"de_DE","og_type":"article","og_title":"Nachrichten - MACHINES PI&Oacute;RO","og_description":"AllOfertaWydarzenia Nape\u0142niacz do skrzyniopalet oraz work\u00f3w bigbag Oferta, Wydarzenia16\/01\/2022 Mi\u0142o nam poinformowa\u0107, \u017ce dla Pa\u0144stwa u\u017cytku oddajemy now\u0105 stron\u0119 internetow\u0105! Read post Zapraszamy na now\u0105 stron\u0119! Wydarzenia15\/01\/2022 Mi\u0142o nam poinformowa\u0107, \u017ce dla Pa\u0144stwa u\u017cytku oddajemy now\u0105 stron\u0119 internetow\u0105! Read post","og_url":"https:\/\/machinespioro.com\/de\/nachrichten\/","og_site_name":"MACHINES PI&Oacute;RO","article_publisher":"https:\/\/www.facebook.com\/machinespioro","article_modified_time":"2022-01-17T16:29:58+00:00","twitter_card":"summary_large_image","schema":{"@context":"https:\/\/schema.org","@graph":[{"@type":"WebPage","@id":"https:\/\/machinespioro.com\/de\/nachrichten\/","url":"https:\/\/machinespioro.com\/de\/nachrichten\/","name":"Nachrichten - MACHINES PI&Oacute;RO","isPartOf":{"@id":"https:\/\/machinespioro.com\/#website"},"datePublished":"2022-01-17T16:29:53+00:00","dateModified":"2022-01-17T16:29:58+00:00","breadcrumb":{"@id":"https:\/\/machinespioro.com\/de\/nachrichten\/#breadcrumb"},"inLanguage":"de","potentialAction":[{"@type":"ReadAction","target":["https:\/\/machinespioro.com\/de\/nachrichten\/"]}]},{"@type":"BreadcrumbList","@id":"https:\/\/machinespioro.com\/de\/nachrichten\/#breadcrumb","itemListElement":[{"@type":"ListItem","position":1,"name":"Strona g\u0142\u00f3wna","item":"https:\/\/machinespioro.com\/de\/"},{"@type":"ListItem","position":2,"name":"Nachrichten"}]},{"@type":"WebSite","@id":"https:\/\/machinespioro.com\/#website","url":"https:\/\/machinespioro.com\/","name":"MACHINES PI&Oacute;RO","description":"Producent maszyn dla rolnictwa i przetw&oacute;rstw warzywniczych","publisher":{"@id":"https:\/\/machinespioro.com\/#organization"},"potentialAction":[{"@type":"SearchAction","target":{"@type":"EntryPoint","urlTemplate":"https:\/\/machinespioro.com\/?s={search_term_string}"},"query-input":{"@type":"PropertyValueSpecification","valueRequired":true,"valueName":"search_term_string"}}],"inLanguage":"de"},{"@type":"Organization","@id":"https:\/\/machinespioro.com\/#organization","name":"Machines Pi\u00f3ro","url":"https:\/\/machinespioro.com\/","logo":{"@type":"ImageObject","inLanguage":"de","@id":"https:\/\/machinespioro.com\/#\/schema\/logo\/image\/","url":"https:\/\/machinespioro.com\/wp-content\/uploads\/2022\/01\/logo.png","contentUrl":"https:\/\/machinespioro.com\/wp-content\/uploads\/2022\/01\/logo.png","width":155,"height":57,"caption":"Machines Pi\u00f3ro"},"image":{"@id":"https:\/\/machinespioro.com\/#\/schema\/logo\/image\/"},"sameAs":["https:\/\/www.facebook.com\/machinespioro","https:\/\/www.instagram.com\/machinespioro\/","https:\/\/www.youtube.com\/c\/PI\u00d3ROMACHINESProducentmaszynrolniczych\u017b\u0119bocin"]}]}},"_links":{"self":[{"href":"https:\/\/machinespioro.com\/de\/wp-json\/wp\/v2\/pages\/88904","targetHints":{"allow":["GET"]}}],"collection":[{"href":"https:\/\/machinespioro.com\/de\/wp-json\/wp\/v2\/pages"}],"about":[{"href":"https:\/\/machinespioro.com\/de\/wp-json\/wp\/v2\/types\/page"}],"author":[{"embeddable":true,"href":"https:\/\/machinespioro.com\/de\/wp-json\/wp\/v2\/users\/1"}],"replies":[{"embeddable":true,"href":"https:\/\/machinespioro.com\/de\/wp-json\/wp\/v2\/comments?post=88904"}],"version-history":[{"count":1,"href":"https:\/\/machinespioro.com\/de\/wp-json\/wp\/v2\/pages\/88904\/revisions"}],"predecessor-version":[{"id":88911,"href":"https:\/\/machinespioro.com\/de\/wp-json\/wp\/v2\/pages\/88904\/revisions\/88911"}],"wp:attachment":[{"href":"https:\/\/machinespioro.com\/de\/wp-json\/wp\/v2\/media?parent=88904"}],"curies":[{"name":"wp","href":"https:\/\/api.w.org\/{rel}","templated":true}]}}