{"id":88945,"date":"2022-01-17T17:30:34","date_gmt":"2022-01-17T16:30:34","guid":{"rendered":"https:\/\/machinespioro.com\/store\/shop-my-account\/"},"modified":"2022-01-17T17:30:39","modified_gmt":"2022-01-17T16:30:39","slug":"shop-my-account","status":"publish","type":"page","link":"https:\/\/machinespioro.com\/en\/store\/shop-my-account\/","title":{"rendered":"Shop my account"},"content":{"rendered":"\t\t<div data-elementor-type=\"wp-page\" data-elementor-id=\"88945\" class=\"elementor elementor-88945 elementor-27758\" data-elementor-post-type=\"page\">\n\t\t\t\t\t\t<section class=\"elementor-section elementor-top-section elementor-element elementor-element-529cccf elementor-section-boxed elementor-section-height-default elementor-section-height-default\" data-id=\"529cccf\" data-element_type=\"section\" data-e-type=\"section\">\n\t\t\t\t\t\t<div class=\"elementor-container elementor-column-gap-wider\">\n\t\t\t\t\t<div class=\"elementor-column elementor-col-100 elementor-top-column elementor-element elementor-element-c0b4645\" data-id=\"c0b4645\" data-element_type=\"column\" data-e-type=\"column\">\n\t\t\t<div class=\"elementor-widget-wrap elementor-element-populated\">\n\t\t\t\t\t\t<div class=\"elementor-element elementor-element-12fe356 elementor-widget elementor-widget-wc-elements\" data-id=\"12fe356\" data-element_type=\"widget\" data-e-type=\"widget\" data-widget_type=\"wc-elements.default\">\n\t\t\t\t<div class=\"elementor-widget-container\">\n\t\t\t\t\t<div class=\"woocommerce\"><\/div>\t\t\t\t<\/div>\n\t\t\t\t<\/div>\n\t\t\t\t\t<\/div>\n\t\t<\/div>\n\t\t\t\t\t<\/div>\n\t\t<\/section>\n\t\t\t\t<\/div>\n\t\t","protected":false},"excerpt":{"rendered":"","protected":false},"author":1,"featured_media":0,"parent":88864,"menu_order":50,"comment_status":"closed","ping_status":"closed","template":"elementor_header_footer","meta":{"footnotes":""},"class_list":["post-88945","page","type-page","status-publish","hentry"],"yoast_head":"<!-- This site is optimized with the Yoast SEO plugin v27.5 - https:\/\/yoast.com\/product\/yoast-seo-wordpress\/ -->\n<title>Shop my account - MACHINES PI&Oacute;RO<\/title>\n<meta name=\"robots\" content=\"index, follow, max-snippet:-1, max-image-preview:large, max-video-preview:-1\" \/>\n<link rel=\"canonical\" href=\"https:\/\/machinespioro.com\/en\/store\/shop-my-account\/\" \/>\n<meta property=\"og:locale\" content=\"en_US\" \/>\n<meta property=\"og:type\" content=\"article\" \/>\n<meta property=\"og:title\" content=\"Shop my account - MACHINES PI&Oacute;RO\" \/>\n<meta property=\"og:url\" content=\"https:\/\/machinespioro.com\/en\/store\/shop-my-account\/\" \/>\n<meta property=\"og:site_name\" content=\"MACHINES PI&Oacute;RO\" \/>\n<meta property=\"article:publisher\" content=\"https:\/\/www.facebook.com\/machinespioro\" \/>\n<meta property=\"article:modified_time\" content=\"2022-01-17T16:30:39+00:00\" \/>\n<meta name=\"twitter:card\" content=\"summary_large_image\" \/>\n<script type=\"application\/ld+json\" class=\"yoast-schema-graph\">{\"@context\":\"https:\\\/\\\/schema.org\",\"@graph\":[{\"@type\":\"WebPage\",\"@id\":\"https:\\\/\\\/machinespioro.com\\\/en\\\/store\\\/shop-my-account\\\/\",\"url\":\"https:\\\/\\\/machinespioro.com\\\/en\\\/store\\\/shop-my-account\\\/\",\"name\":\"Shop my account - MACHINES PI&Oacute;RO\",\"isPartOf\":{\"@id\":\"https:\\\/\\\/machinespioro.com\\\/#website\"},\"datePublished\":\"2022-01-17T16:30:34+00:00\",\"dateModified\":\"2022-01-17T16:30:39+00:00\",\"breadcrumb\":{\"@id\":\"https:\\\/\\\/machinespioro.com\\\/en\\\/store\\\/shop-my-account\\\/#breadcrumb\"},\"inLanguage\":\"en-US\",\"potentialAction\":[{\"@type\":\"ReadAction\",\"target\":[\"https:\\\/\\\/machinespioro.com\\\/en\\\/store\\\/shop-my-account\\\/\"]}]},{\"@type\":\"BreadcrumbList\",\"@id\":\"https:\\\/\\\/machinespioro.com\\\/en\\\/store\\\/shop-my-account\\\/#breadcrumb\",\"itemListElement\":[{\"@type\":\"ListItem\",\"position\":1,\"name\":\"Strona g\u0142\u00f3wna\",\"item\":\"https:\\\/\\\/machinespioro.com\\\/en\\\/\"},{\"@type\":\"ListItem\",\"position\":2,\"name\":\"Store\",\"item\":\"https:\\\/\\\/machinespioro.com\\\/en\\\/store\\\/\"},{\"@type\":\"ListItem\",\"position\":3,\"name\":\"Shop my account\"}]},{\"@type\":\"WebSite\",\"@id\":\"https:\\\/\\\/machinespioro.com\\\/#website\",\"url\":\"https:\\\/\\\/machinespioro.com\\\/\",\"name\":\"MACHINES PI&Oacute;RO\",\"description\":\"Producent maszyn dla rolnictwa i przetw&oacute;rstw warzywniczych\",\"publisher\":{\"@id\":\"https:\\\/\\\/machinespioro.com\\\/#organization\"},\"potentialAction\":[{\"@type\":\"SearchAction\",\"target\":{\"@type\":\"EntryPoint\",\"urlTemplate\":\"https:\\\/\\\/machinespioro.com\\\/?s={search_term_string}\"},\"query-input\":{\"@type\":\"PropertyValueSpecification\",\"valueRequired\":true,\"valueName\":\"search_term_string\"}}],\"inLanguage\":\"en-US\"},{\"@type\":\"Organization\",\"@id\":\"https:\\\/\\\/machinespioro.com\\\/#organization\",\"name\":\"Machines Pi\u00f3ro\",\"url\":\"https:\\\/\\\/machinespioro.com\\\/\",\"logo\":{\"@type\":\"ImageObject\",\"inLanguage\":\"en-US\",\"@id\":\"https:\\\/\\\/machinespioro.com\\\/#\\\/schema\\\/logo\\\/image\\\/\",\"url\":\"https:\\\/\\\/machinespioro.com\\\/wp-content\\\/uploads\\\/2022\\\/01\\\/logo.png\",\"contentUrl\":\"https:\\\/\\\/machinespioro.com\\\/wp-content\\\/uploads\\\/2022\\\/01\\\/logo.png\",\"width\":155,\"height\":57,\"caption\":\"Machines Pi\u00f3ro\"},\"image\":{\"@id\":\"https:\\\/\\\/machinespioro.com\\\/#\\\/schema\\\/logo\\\/image\\\/\"},\"sameAs\":[\"https:\\\/\\\/www.facebook.com\\\/machinespioro\",\"https:\\\/\\\/www.instagram.com\\\/machinespioro\\\/\",\"https:\\\/\\\/www.youtube.com\\\/c\\\/PI\u00d3ROMACHINESProducentmaszynrolniczych\u017b\u0119bocin\"]}]}<\/script>\n<!-- \/ Yoast SEO plugin. -->","yoast_head_json":{"title":"Shop my account - MACHINES PI&Oacute;RO","robots":{"index":"index","follow":"follow","max-snippet":"max-snippet:-1","max-image-preview":"max-image-preview:large","max-video-preview":"max-video-preview:-1"},"canonical":"https:\/\/machinespioro.com\/en\/store\/shop-my-account\/","og_locale":"en_US","og_type":"article","og_title":"Shop my account - MACHINES PI&Oacute;RO","og_url":"https:\/\/machinespioro.com\/en\/store\/shop-my-account\/","og_site_name":"MACHINES PI&Oacute;RO","article_publisher":"https:\/\/www.facebook.com\/machinespioro","article_modified_time":"2022-01-17T16:30:39+00:00","twitter_card":"summary_large_image","schema":{"@context":"https:\/\/schema.org","@graph":[{"@type":"WebPage","@id":"https:\/\/machinespioro.com\/en\/store\/shop-my-account\/","url":"https:\/\/machinespioro.com\/en\/store\/shop-my-account\/","name":"Shop my account - MACHINES PI&Oacute;RO","isPartOf":{"@id":"https:\/\/machinespioro.com\/#website"},"datePublished":"2022-01-17T16:30:34+00:00","dateModified":"2022-01-17T16:30:39+00:00","breadcrumb":{"@id":"https:\/\/machinespioro.com\/en\/store\/shop-my-account\/#breadcrumb"},"inLanguage":"en-US","potentialAction":[{"@type":"ReadAction","target":["https:\/\/machinespioro.com\/en\/store\/shop-my-account\/"]}]},{"@type":"BreadcrumbList","@id":"https:\/\/machinespioro.com\/en\/store\/shop-my-account\/#breadcrumb","itemListElement":[{"@type":"ListItem","position":1,"name":"Strona g\u0142\u00f3wna","item":"https:\/\/machinespioro.com\/en\/"},{"@type":"ListItem","position":2,"name":"Store","item":"https:\/\/machinespioro.com\/en\/store\/"},{"@type":"ListItem","position":3,"name":"Shop my account"}]},{"@type":"WebSite","@id":"https:\/\/machinespioro.com\/#website","url":"https:\/\/machinespioro.com\/","name":"MACHINES PI&Oacute;RO","description":"Producent maszyn dla rolnictwa i przetw&oacute;rstw warzywniczych","publisher":{"@id":"https:\/\/machinespioro.com\/#organization"},"potentialAction":[{"@type":"SearchAction","target":{"@type":"EntryPoint","urlTemplate":"https:\/\/machinespioro.com\/?s={search_term_string}"},"query-input":{"@type":"PropertyValueSpecification","valueRequired":true,"valueName":"search_term_string"}}],"inLanguage":"en-US"},{"@type":"Organization","@id":"https:\/\/machinespioro.com\/#organization","name":"Machines Pi\u00f3ro","url":"https:\/\/machinespioro.com\/","logo":{"@type":"ImageObject","inLanguage":"en-US","@id":"https:\/\/machinespioro.com\/#\/schema\/logo\/image\/","url":"https:\/\/machinespioro.com\/wp-content\/uploads\/2022\/01\/logo.png","contentUrl":"https:\/\/machinespioro.com\/wp-content\/uploads\/2022\/01\/logo.png","width":155,"height":57,"caption":"Machines Pi\u00f3ro"},"image":{"@id":"https:\/\/machinespioro.com\/#\/schema\/logo\/image\/"},"sameAs":["https:\/\/www.facebook.com\/machinespioro","https:\/\/www.instagram.com\/machinespioro\/","https:\/\/www.youtube.com\/c\/PI\u00d3ROMACHINESProducentmaszynrolniczych\u017b\u0119bocin"]}]}},"_links":{"self":[{"href":"https:\/\/machinespioro.com\/en\/wp-json\/wp\/v2\/pages\/88945","targetHints":{"allow":["GET"]}}],"collection":[{"href":"https:\/\/machinespioro.com\/en\/wp-json\/wp\/v2\/pages"}],"about":[{"href":"https:\/\/machinespioro.com\/en\/wp-json\/wp\/v2\/types\/page"}],"author":[{"embeddable":true,"href":"https:\/\/machinespioro.com\/en\/wp-json\/wp\/v2\/users\/1"}],"replies":[{"embeddable":true,"href":"https:\/\/machinespioro.com\/en\/wp-json\/wp\/v2\/comments?post=88945"}],"version-history":[{"count":1,"href":"https:\/\/machinespioro.com\/en\/wp-json\/wp\/v2\/pages\/88945\/revisions"}],"predecessor-version":[{"id":88949,"href":"https:\/\/machinespioro.com\/en\/wp-json\/wp\/v2\/pages\/88945\/revisions\/88949"}],"up":[{"embeddable":true,"href":"https:\/\/machinespioro.com\/en\/wp-json\/wp\/v2\/pages\/88864"}],"wp:attachment":[{"href":"https:\/\/machinespioro.com\/en\/wp-json\/wp\/v2\/media?parent=88945"}],"curies":[{"name":"wp","href":"https:\/\/api.w.org\/{rel}","templated":true}]}}