{"id":173054,"date":"2022-01-19T11:19:45","date_gmt":"2022-01-19T10:19:45","guid":{"rendered":"https:\/\/machinespioro.com\/lignes-de-traitement\/"},"modified":"2022-01-19T11:19:47","modified_gmt":"2022-01-19T10:19:47","slug":"lignes-de-traitement","status":"publish","type":"page","link":"https:\/\/machinespioro.com\/fr\/lignes-de-traitement\/","title":{"rendered":"Lignes de traitement"},"content":{"rendered":"\t\t<div data-elementor-type=\"wp-page\" data-elementor-id=\"173054\" class=\"elementor elementor-173054 elementor-6162\" data-elementor-post-type=\"page\">\n\t\t\t\t\t\t<section class=\"elementor-section elementor-top-section elementor-element elementor-element-919b34a elementor-section-full_width elementor-section-height-default elementor-section-height-default\" data-id=\"919b34a\" data-element_type=\"section\" data-e-type=\"section\">\n\t\t\t\t\t\t<div class=\"elementor-container elementor-column-gap-wider\">\n\t\t\t\t\t<div class=\"elementor-column elementor-col-100 elementor-top-column elementor-element elementor-element-e1efc79\" data-id=\"e1efc79\" data-element_type=\"column\" data-e-type=\"column\">\n\t\t\t<div class=\"elementor-widget-wrap elementor-element-populated\">\n\t\t\t\t\t\t<div class=\"elementor-element elementor-element-d60c8b4 preserve-img-ratio-cover elementor-widget elementor-widget-the7_elements\" data-id=\"d60c8b4\" data-element_type=\"widget\" data-e-type=\"widget\" data-widget_type=\"the7_elements.default\">\n\t\t\t\t<div class=\"elementor-widget-container\">\n\t\t\t\t\t<div class=\"portfolio-shortcode the7-elementor-widget the7_elements-d60c8b4 mode-grid dt-css-grid-wrap bottom-overlap-layout-list description-under-image quick-scale-img content-bg-on resize-by-browser-width widget-with-filter loading-effect-none enable-pagination-scroll jquery-filter\" data-padding=\"30px\" data-mobile-columns-num=\"1\" data-tablet-columns-num=\"2\" data-desktop-columns-num=\"2\" data-wide-desktop-columns-num=\"3\" data-post-limit=\"6\" data-pagination-mode=\"pages\" data-scroll-offset=\"-30\" aria-live=\"assertive\"><div class=\"iso-filter filter-decorations css-grid-filter extras-off filter filter-pointer-underline filter-animation-fade show-filter-categories  \"><div class=\"filter-categories\" data-default-order=\"\" data-default-orderby=\"\"><a href=\"https:\/\/machinespioro.com\/fr\/lignes-de-traitement\/\" class=\"show-all filter-item act\" data-filter=\"*\" aria-label=\"Apply filter: All\">All<\/a><a href=\"https:\/\/machinespioro.com\/fr\/lignes-de-traitement\/?term=cordes-a-linge\" class=\"filter-item cordes-a-linge\" data-filter=\".category-489\" aria-label=\"Apply filter: Cordes \u00e0 linge\">Cordes \u00e0 linge<\/a><a href=\"https:\/\/machinespioro.com\/fr\/lignes-de-traitement\/?term=lignes-de-pelage\" class=\"filter-item lignes-de-pelage\" data-filter=\".category-563\" aria-label=\"Apply filter: Lignes de pelage\">Lignes de pelage<\/a><a href=\"https:\/\/machinespioro.com\/fr\/lignes-de-traitement\/?term=lignes-de-traitement\" class=\"filter-item lignes-de-traitement\" data-filter=\".category-491\" aria-label=\"Apply filter: Lignes de traitement\">Lignes de traitement<\/a><a href=\"https:\/\/machinespioro.com\/fr\/lignes-de-traitement\/?term=lignes-demballage\" class=\"filter-item lignes-demballage\" data-filter=\".category-490\" aria-label=\"Apply filter: Lignes d'emballage\">Lignes d'emballage<\/a><\/div><\/div><div class=\"dt-css-grid custom-pagination-handler\"><div class=\"visible wf-cell category-489 category-563 category-491\" data-post-id=\"96902\" data-date=\"2022-01-17T20:03:43+01:00\" data-name=\"Ligne de lavage et d&#039;\u00e9pluchage\"><article class=\"post visible post-96902 dt_portfolio type-dt_portfolio status-publish has-post-thumbnail hentry dt_portfolio_category-cordes-a-linge dt_portfolio_category-lignes-de-pelage dt_portfolio_category-lignes-de-traitement\" data-name=\"Ligne de lavage et d&rsquo;\u00e9pluchage\" data-date=\"2022-01-17T20:03:43+01:00\">\n\n\t<div class=\"post-thumbnail-wrap\">\n\t\t<div class=\"post-thumbnail\">\n\n\t\t\t<a class=\"post-thumbnail-rollover layzr-bg img-css-resize-wrapper\" aria-label=\"Image article\" href=\"https:\/\/machinespioro.com\/fr\/project\/ligne-de-lavage-et-depluchage\/\"><img fetchpriority=\"high\" decoding=\"async\" width=\"850\" height=\"424\" src=\"data:image\/svg+xml,%3Csvg%20xmlns%3D&#039;http%3A%2F%2Fwww.w3.org%2F2000%2Fsvg&#039;%20viewBox%3D&#039;0%200%20850%20424&#039;%2F%3E\" class=\"attachment-full size-full preload-me aspect lazy lazy-load\" alt=\"\" sizes=\"(max-width: 850px) 100vw, 850px\" style=\"--ratio: 850 \/ 424;\" data-src=\"https:\/\/machinespioro.com\/wp-content\/uploads\/2022\/01\/Linia-do-obieraania-Marian.jpg\" loading=\"eager\" data-srcset=\"https:\/\/machinespioro.com\/wp-content\/uploads\/2022\/01\/Linia-do-obieraania-Marian.jpg 850w, https:\/\/machinespioro.com\/wp-content\/uploads\/2022\/01\/Linia-do-obieraania-Marian-300x150.jpg 300w, https:\/\/machinespioro.com\/wp-content\/uploads\/2022\/01\/Linia-do-obieraania-Marian-768x383.jpg 768w\" \/><\/a>\n\t\t<\/div>\n\t<\/div>\n\n\n<div class=\"post-entry-content\">\n\n\t<h3 class=\"ele-entry-title\"><a href=\"https:\/\/machinespioro.com\/fr\/project\/ligne-de-lavage-et-depluchage\/\" rel=\"bookmark\" title=\"Ligne de lavage et d&rsquo;\u00e9pluchage\">Ligne de lavage et d&rsquo;\u00e9pluchage<\/a><\/h3><div class=\"entry-meta\"><span class=\"meta-item category-link\"><span>Cordes \u00e0 linge<\/span>, <span>Lignes de pelage<\/span>, <span>Lignes de traitement<\/span><\/span><\/div>\n<\/div><\/article><\/div><div class=\"visible wf-cell category-489 category-491\" data-post-id=\"96887\" data-date=\"2022-01-17T20:03:33+01:00\" data-name=\"Ligne de d\u00e9chargement\"><article class=\"post visible post-96887 dt_portfolio type-dt_portfolio status-publish has-post-thumbnail hentry dt_portfolio_category-cordes-a-linge dt_portfolio_category-lignes-de-traitement\" data-name=\"Ligne de d\u00e9chargement\" data-date=\"2022-01-17T20:03:33+01:00\">\n\n\t<div class=\"post-thumbnail-wrap\">\n\t\t<div class=\"post-thumbnail\">\n\n\t\t\t<a class=\"post-thumbnail-rollover layzr-bg img-css-resize-wrapper\" aria-label=\"Image article\" href=\"https:\/\/machinespioro.com\/fr\/project\/ligne-de-dechargement\/\"><img decoding=\"async\" width=\"804\" height=\"426\" src=\"data:image\/svg+xml,%3Csvg%20xmlns%3D&#039;http%3A%2F%2Fwww.w3.org%2F2000%2Fsvg&#039;%20viewBox%3D&#039;0%200%20804%20426&#039;%2F%3E\" class=\"attachment-full size-full preload-me aspect lazy lazy-load\" alt=\"\" sizes=\"(max-width: 804px) 100vw, 804px\" style=\"--ratio: 804 \/ 426;\" data-src=\"https:\/\/machinespioro.com\/wp-content\/uploads\/2022\/01\/Linia-zlatko.jpg\" loading=\"eager\" data-srcset=\"https:\/\/machinespioro.com\/wp-content\/uploads\/2022\/01\/Linia-zlatko.jpg 804w, https:\/\/machinespioro.com\/wp-content\/uploads\/2022\/01\/Linia-zlatko-300x159.jpg 300w, https:\/\/machinespioro.com\/wp-content\/uploads\/2022\/01\/Linia-zlatko-768x407.jpg 768w\" \/><\/a>\n\t\t<\/div>\n\t<\/div>\n\n\n<div class=\"post-entry-content\">\n\n\t<h3 class=\"ele-entry-title\"><a href=\"https:\/\/machinespioro.com\/fr\/project\/ligne-de-dechargement\/\" rel=\"bookmark\" title=\"Ligne de d\u00e9chargement\">Ligne de d\u00e9chargement<\/a><\/h3><div class=\"entry-meta\"><span class=\"meta-item category-link\"><span>Cordes \u00e0 linge<\/span>, <span>Lignes de traitement<\/span><\/span><\/div>\n<\/div><\/article><\/div><div class=\"visible wf-cell category-489 category-491\" data-post-id=\"89869\" data-date=\"2022-01-17T17:54:12+01:00\" data-name=\"Ligne universelle\"><article class=\"post visible post-89869 dt_portfolio type-dt_portfolio status-publish has-post-thumbnail hentry dt_portfolio_category-cordes-a-linge dt_portfolio_category-lignes-de-traitement\" data-name=\"Ligne universelle\" data-date=\"2022-01-17T17:54:12+01:00\">\n\n\t<div class=\"post-thumbnail-wrap\">\n\t\t<div class=\"post-thumbnail\">\n\n\t\t\t<a class=\"post-thumbnail-rollover layzr-bg img-css-resize-wrapper\" aria-label=\"Image article\" href=\"https:\/\/machinespioro.com\/fr\/project\/ligne-universelle\/\"><img decoding=\"async\" width=\"823\" height=\"424\" src=\"data:image\/svg+xml,%3Csvg%20xmlns%3D&#039;http%3A%2F%2Fwww.w3.org%2F2000%2Fsvg&#039;%20viewBox%3D&#039;0%200%20823%20424&#039;%2F%3E\" class=\"attachment-full size-full preload-me aspect lazy lazy-load\" alt=\"\" sizes=\"(max-width: 823px) 100vw, 823px\" style=\"--ratio: 823 \/ 424;\" data-src=\"https:\/\/machinespioro.com\/wp-content\/uploads\/2022\/01\/Linia-Samuel-1.jpg\" loading=\"eager\" data-srcset=\"https:\/\/machinespioro.com\/wp-content\/uploads\/2022\/01\/Linia-Samuel-1.jpg 823w, https:\/\/machinespioro.com\/wp-content\/uploads\/2022\/01\/Linia-Samuel-1-300x155.jpg 300w, https:\/\/machinespioro.com\/wp-content\/uploads\/2022\/01\/Linia-Samuel-1-768x396.jpg 768w\" \/><\/a>\n\t\t<\/div>\n\t<\/div>\n\n\n<div class=\"post-entry-content\">\n\n\t<h3 class=\"ele-entry-title\"><a href=\"https:\/\/machinespioro.com\/fr\/project\/ligne-universelle\/\" rel=\"bookmark\" title=\"Ligne universelle\">Ligne universelle<\/a><\/h3><div class=\"entry-meta\"><span class=\"meta-item category-link\"><span>Cordes \u00e0 linge<\/span>, <span>Lignes de traitement<\/span><\/span><\/div>\n<\/div><\/article><\/div><div class=\"visible wf-cell category-489 category-490 category-491\" data-post-id=\"89824\" data-date=\"2022-01-17T17:53:21+01:00\" data-name=\"Ligne de lavage et d&#039;emballage\"><article class=\"post visible post-89824 dt_portfolio type-dt_portfolio status-publish has-post-thumbnail hentry dt_portfolio_category-cordes-a-linge dt_portfolio_category-lignes-demballage dt_portfolio_category-lignes-de-traitement\" data-name=\"Ligne de lavage et d&#8217;emballage\" data-date=\"2022-01-17T17:53:21+01:00\">\n\n\t<div class=\"post-thumbnail-wrap\">\n\t\t<div class=\"post-thumbnail\">\n\n\t\t\t<a class=\"post-thumbnail-rollover layzr-bg img-css-resize-wrapper\" aria-label=\"Image article\" href=\"https:\/\/machinespioro.com\/fr\/project\/ligne-de-lavage-et-demballage\/\"><img decoding=\"async\" width=\"858\" height=\"424\" src=\"data:image\/svg+xml,%3Csvg%20xmlns%3D&#039;http%3A%2F%2Fwww.w3.org%2F2000%2Fsvg&#039;%20viewBox%3D&#039;0%200%20858%20424&#039;%2F%3E\" class=\"attachment-full size-full preload-me aspect lazy lazy-load\" alt=\"\" sizes=\"(max-width: 858px) 100vw, 858px\" style=\"--ratio: 858 \/ 424;\" data-src=\"https:\/\/machinespioro.com\/wp-content\/uploads\/2022\/01\/Linia-zetpol.jpg\" loading=\"eager\" data-srcset=\"https:\/\/machinespioro.com\/wp-content\/uploads\/2022\/01\/Linia-zetpol.jpg 858w, https:\/\/machinespioro.com\/wp-content\/uploads\/2022\/01\/Linia-zetpol-300x148.jpg 300w, https:\/\/machinespioro.com\/wp-content\/uploads\/2022\/01\/Linia-zetpol-768x380.jpg 768w\" \/><\/a>\n\t\t<\/div>\n\t<\/div>\n\n\n<div class=\"post-entry-content\">\n\n\t<h3 class=\"ele-entry-title\"><a href=\"https:\/\/machinespioro.com\/fr\/project\/ligne-de-lavage-et-demballage\/\" rel=\"bookmark\" title=\"Ligne de lavage et d&#8217;emballage\">Ligne de lavage et d&#8217;emballage<\/a><\/h3><div class=\"entry-meta\"><span class=\"meta-item category-link\"><span>Cordes \u00e0 linge<\/span>, <span>Lignes d'emballage<\/span>, <span>Lignes de traitement<\/span><\/span><\/div>\n<\/div><\/article><\/div><\/div><!-- iso-container|iso-grid --><div class=\"paginator filter-decorations filter-pointer-underline filter-animation-grow\" role=\"navigation\"><\/div><\/div>\t\t\t\t<\/div>\n\t\t\t\t<\/div>\n\t\t\t\t\t<\/div>\n\t\t<\/div>\n\t\t\t\t\t<\/div>\n\t\t<\/section>\n\t\t\t\t<\/div>\n\t\t","protected":false},"excerpt":{"rendered":"<p>Linia uniwersalna &#8211; Duplicate &#8211; [#49935] &#8211; Duplicate &#8211; [#50410] Linie przetw\u00f3rcze, Roz\u0142adunek Linia uniwersalna &#8211; Duplicate &#8211; [#49935] Linie przetw\u00f3rcze Linia uniwersalna Linie przetw\u00f3rcze<\/p>\n","protected":false},"author":1,"featured_media":0,"parent":0,"menu_order":20,"comment_status":"closed","ping_status":"closed","template":"elementor_header_footer","meta":{"footnotes":""},"class_list":["post-173054","page","type-page","status-publish","hentry"],"yoast_head":"<!-- This site is optimized with the Yoast SEO plugin v27.4 - https:\/\/yoast.com\/product\/yoast-seo-wordpress\/ -->\n<title>Lignes de traitement - MACHINES PI&Oacute;RO<\/title>\n<meta name=\"robots\" content=\"index, follow, max-snippet:-1, max-image-preview:large, max-video-preview:-1\" \/>\n<link rel=\"canonical\" href=\"https:\/\/machinespioro.com\/fr\/lignes-de-traitement\/\" \/>\n<meta property=\"og:locale\" content=\"fr_FR\" \/>\n<meta property=\"og:type\" content=\"article\" \/>\n<meta property=\"og:title\" content=\"Lignes de traitement - MACHINES PI&Oacute;RO\" \/>\n<meta property=\"og:description\" content=\"Linia uniwersalna &#8211; Duplicate &#8211; [#49935] &#8211; Duplicate &#8211; [#50410] Linie przetw\u00f3rcze, Roz\u0142adunek Linia uniwersalna &#8211; Duplicate &#8211; [#49935] Linie przetw\u00f3rcze Linia uniwersalna Linie przetw\u00f3rcze\" \/>\n<meta property=\"og:url\" content=\"https:\/\/machinespioro.com\/fr\/lignes-de-traitement\/\" \/>\n<meta property=\"og:site_name\" content=\"MACHINES PI&Oacute;RO\" \/>\n<meta property=\"article:publisher\" content=\"https:\/\/www.facebook.com\/machinespioro\" \/>\n<meta property=\"article:modified_time\" content=\"2022-01-19T10:19:47+00:00\" \/>\n<meta name=\"twitter:card\" content=\"summary_large_image\" \/>\n<script type=\"application\/ld+json\" class=\"yoast-schema-graph\">{\"@context\":\"https:\\\/\\\/schema.org\",\"@graph\":[{\"@type\":\"WebPage\",\"@id\":\"https:\\\/\\\/machinespioro.com\\\/fr\\\/lignes-de-traitement\\\/\",\"url\":\"https:\\\/\\\/machinespioro.com\\\/fr\\\/lignes-de-traitement\\\/\",\"name\":\"Lignes de traitement - MACHINES PI&Oacute;RO\",\"isPartOf\":{\"@id\":\"https:\\\/\\\/machinespioro.com\\\/#website\"},\"datePublished\":\"2022-01-19T10:19:45+00:00\",\"dateModified\":\"2022-01-19T10:19:47+00:00\",\"breadcrumb\":{\"@id\":\"https:\\\/\\\/machinespioro.com\\\/fr\\\/lignes-de-traitement\\\/#breadcrumb\"},\"inLanguage\":\"fr-FR\",\"potentialAction\":[{\"@type\":\"ReadAction\",\"target\":[\"https:\\\/\\\/machinespioro.com\\\/fr\\\/lignes-de-traitement\\\/\"]}]},{\"@type\":\"BreadcrumbList\",\"@id\":\"https:\\\/\\\/machinespioro.com\\\/fr\\\/lignes-de-traitement\\\/#breadcrumb\",\"itemListElement\":[{\"@type\":\"ListItem\",\"position\":1,\"name\":\"Strona g\u0142\u00f3wna\",\"item\":\"https:\\\/\\\/machinespioro.com\\\/\"},{\"@type\":\"ListItem\",\"position\":2,\"name\":\"Lignes de traitement\"}]},{\"@type\":\"WebSite\",\"@id\":\"https:\\\/\\\/machinespioro.com\\\/#website\",\"url\":\"https:\\\/\\\/machinespioro.com\\\/\",\"name\":\"MACHINES PI&Oacute;RO\",\"description\":\"Producent maszyn dla rolnictwa i przetw&oacute;rstw warzywniczych\",\"publisher\":{\"@id\":\"https:\\\/\\\/machinespioro.com\\\/#organization\"},\"potentialAction\":[{\"@type\":\"SearchAction\",\"target\":{\"@type\":\"EntryPoint\",\"urlTemplate\":\"https:\\\/\\\/machinespioro.com\\\/?s={search_term_string}\"},\"query-input\":{\"@type\":\"PropertyValueSpecification\",\"valueRequired\":true,\"valueName\":\"search_term_string\"}}],\"inLanguage\":\"fr-FR\"},{\"@type\":\"Organization\",\"@id\":\"https:\\\/\\\/machinespioro.com\\\/#organization\",\"name\":\"Machines Pi\u00f3ro\",\"url\":\"https:\\\/\\\/machinespioro.com\\\/\",\"logo\":{\"@type\":\"ImageObject\",\"inLanguage\":\"fr-FR\",\"@id\":\"https:\\\/\\\/machinespioro.com\\\/#\\\/schema\\\/logo\\\/image\\\/\",\"url\":\"https:\\\/\\\/machinespioro.com\\\/wp-content\\\/uploads\\\/2022\\\/01\\\/logo.png\",\"contentUrl\":\"https:\\\/\\\/machinespioro.com\\\/wp-content\\\/uploads\\\/2022\\\/01\\\/logo.png\",\"width\":155,\"height\":57,\"caption\":\"Machines Pi\u00f3ro\"},\"image\":{\"@id\":\"https:\\\/\\\/machinespioro.com\\\/#\\\/schema\\\/logo\\\/image\\\/\"},\"sameAs\":[\"https:\\\/\\\/www.facebook.com\\\/machinespioro\",\"https:\\\/\\\/www.instagram.com\\\/machinespioro\\\/\",\"https:\\\/\\\/www.youtube.com\\\/c\\\/PI\u00d3ROMACHINESProducentmaszynrolniczych\u017b\u0119bocin\"]}]}<\/script>\n<!-- \/ Yoast SEO plugin. -->","yoast_head_json":{"title":"Lignes de traitement - MACHINES PI&Oacute;RO","robots":{"index":"index","follow":"follow","max-snippet":"max-snippet:-1","max-image-preview":"max-image-preview:large","max-video-preview":"max-video-preview:-1"},"canonical":"https:\/\/machinespioro.com\/fr\/lignes-de-traitement\/","og_locale":"fr_FR","og_type":"article","og_title":"Lignes de traitement - MACHINES PI&Oacute;RO","og_description":"Linia uniwersalna &#8211; Duplicate &#8211; [#49935] &#8211; Duplicate &#8211; [#50410] Linie przetw\u00f3rcze, Roz\u0142adunek Linia uniwersalna &#8211; Duplicate &#8211; [#49935] Linie przetw\u00f3rcze Linia uniwersalna Linie przetw\u00f3rcze","og_url":"https:\/\/machinespioro.com\/fr\/lignes-de-traitement\/","og_site_name":"MACHINES PI&Oacute;RO","article_publisher":"https:\/\/www.facebook.com\/machinespioro","article_modified_time":"2022-01-19T10:19:47+00:00","twitter_card":"summary_large_image","schema":{"@context":"https:\/\/schema.org","@graph":[{"@type":"WebPage","@id":"https:\/\/machinespioro.com\/fr\/lignes-de-traitement\/","url":"https:\/\/machinespioro.com\/fr\/lignes-de-traitement\/","name":"Lignes de traitement - MACHINES PI&Oacute;RO","isPartOf":{"@id":"https:\/\/machinespioro.com\/#website"},"datePublished":"2022-01-19T10:19:45+00:00","dateModified":"2022-01-19T10:19:47+00:00","breadcrumb":{"@id":"https:\/\/machinespioro.com\/fr\/lignes-de-traitement\/#breadcrumb"},"inLanguage":"fr-FR","potentialAction":[{"@type":"ReadAction","target":["https:\/\/machinespioro.com\/fr\/lignes-de-traitement\/"]}]},{"@type":"BreadcrumbList","@id":"https:\/\/machinespioro.com\/fr\/lignes-de-traitement\/#breadcrumb","itemListElement":[{"@type":"ListItem","position":1,"name":"Strona g\u0142\u00f3wna","item":"https:\/\/machinespioro.com\/"},{"@type":"ListItem","position":2,"name":"Lignes de traitement"}]},{"@type":"WebSite","@id":"https:\/\/machinespioro.com\/#website","url":"https:\/\/machinespioro.com\/","name":"MACHINES PI&Oacute;RO","description":"Producent maszyn dla rolnictwa i przetw&oacute;rstw warzywniczych","publisher":{"@id":"https:\/\/machinespioro.com\/#organization"},"potentialAction":[{"@type":"SearchAction","target":{"@type":"EntryPoint","urlTemplate":"https:\/\/machinespioro.com\/?s={search_term_string}"},"query-input":{"@type":"PropertyValueSpecification","valueRequired":true,"valueName":"search_term_string"}}],"inLanguage":"fr-FR"},{"@type":"Organization","@id":"https:\/\/machinespioro.com\/#organization","name":"Machines Pi\u00f3ro","url":"https:\/\/machinespioro.com\/","logo":{"@type":"ImageObject","inLanguage":"fr-FR","@id":"https:\/\/machinespioro.com\/#\/schema\/logo\/image\/","url":"https:\/\/machinespioro.com\/wp-content\/uploads\/2022\/01\/logo.png","contentUrl":"https:\/\/machinespioro.com\/wp-content\/uploads\/2022\/01\/logo.png","width":155,"height":57,"caption":"Machines Pi\u00f3ro"},"image":{"@id":"https:\/\/machinespioro.com\/#\/schema\/logo\/image\/"},"sameAs":["https:\/\/www.facebook.com\/machinespioro","https:\/\/www.instagram.com\/machinespioro\/","https:\/\/www.youtube.com\/c\/PI\u00d3ROMACHINESProducentmaszynrolniczych\u017b\u0119bocin"]}]}},"_links":{"self":[{"href":"https:\/\/machinespioro.com\/fr\/wp-json\/wp\/v2\/pages\/173054","targetHints":{"allow":["GET"]}}],"collection":[{"href":"https:\/\/machinespioro.com\/fr\/wp-json\/wp\/v2\/pages"}],"about":[{"href":"https:\/\/machinespioro.com\/fr\/wp-json\/wp\/v2\/types\/page"}],"author":[{"embeddable":true,"href":"https:\/\/machinespioro.com\/fr\/wp-json\/wp\/v2\/users\/1"}],"replies":[{"embeddable":true,"href":"https:\/\/machinespioro.com\/fr\/wp-json\/wp\/v2\/comments?post=173054"}],"version-history":[{"count":3,"href":"https:\/\/machinespioro.com\/fr\/wp-json\/wp\/v2\/pages\/173054\/revisions"}],"predecessor-version":[{"id":173057,"href":"https:\/\/machinespioro.com\/fr\/wp-json\/wp\/v2\/pages\/173054\/revisions\/173057"}],"wp:attachment":[{"href":"https:\/\/machinespioro.com\/fr\/wp-json\/wp\/v2\/media?parent=173054"}],"curies":[{"name":"wp","href":"https:\/\/api.w.org\/{rel}","templated":true}]}}